{"id":2093,"date":"2023-03-18T20:33:51","date_gmt":"2023-03-18T19:33:51","guid":{"rendered":"http:\/\/www.neway-dev.fr\/vedreine\/?page_id=2093"},"modified":"2023-04-14T15:34:29","modified_gmt":"2023-04-14T13:34:29","slug":"actualites","status":"publish","type":"page","link":"https:\/\/www.vedreine.com\/packaging\/fr\/actualites\/","title":{"rendered":"Actualit\u00e9s"},"content":{"rendered":"\t\t<div data-elementor-type=\"wp-page\" data-elementor-id=\"2093\" class=\"elementor elementor-2093\" data-elementor-post-type=\"page\">\n\t\t\t\t\t\t\t\t\t<section class=\"elementor-section elementor-top-section elementor-element elementor-element-599bd70 elementor-section-height-min-height elementor-section-boxed elementor-section-height-default elementor-section-items-middle\" data-id=\"599bd70\" data-element_type=\"section\" data-settings=\"{&quot;background_background&quot;:&quot;classic&quot;}\">\n\t\t\t\t\t\t<div class=\"elementor-container elementor-column-gap-default\">\n\t\t\t\t\t<div class=\"elementor-column elementor-col-100 elementor-top-column elementor-element elementor-element-67808aa\" data-id=\"67808aa\" data-element_type=\"column\">\n\t\t\t<div class=\"elementor-widget-wrap elementor-element-populated\">\n\t\t\t\t\t\t\t\t\t<\/div>\n\t\t<\/div>\n\t\t\t\t\t\t\t<\/div>\n\t\t<\/section>\n\t\t\t\t<section class=\"elementor-section elementor-top-section elementor-element elementor-element-f6bf251 elementor-section-boxed elementor-section-height-default elementor-section-height-default\" data-id=\"f6bf251\" data-element_type=\"section\">\n\t\t\t\t\t\t<div class=\"elementor-container elementor-column-gap-default\">\n\t\t\t\t\t<div class=\"elementor-column elementor-col-100 elementor-top-column elementor-element elementor-element-3d28f3b\" data-id=\"3d28f3b\" data-element_type=\"column\">\n\t\t\t<div class=\"elementor-widget-wrap elementor-element-populated\">\n\t\t\t\t\t\t\t\t<div class=\"elementor-element elementor-element-01f1146 news_grid elementor-grid-3 elementor-grid-tablet-2 elementor-grid-mobile-1 elementor-posts--thumbnail-top elementor-posts__hover-gradient elementor-widget elementor-widget-posts\" data-id=\"01f1146\" data-element_type=\"widget\" data-settings=\"{&quot;pagination_type&quot;:&quot;numbers&quot;,&quot;cards_columns&quot;:&quot;3&quot;,&quot;cards_columns_tablet&quot;:&quot;2&quot;,&quot;cards_columns_mobile&quot;:&quot;1&quot;,&quot;cards_row_gap&quot;:{&quot;unit&quot;:&quot;px&quot;,&quot;size&quot;:35,&quot;sizes&quot;:[]},&quot;cards_row_gap_tablet&quot;:{&quot;unit&quot;:&quot;px&quot;,&quot;size&quot;:&quot;&quot;,&quot;sizes&quot;:[]},&quot;cards_row_gap_mobile&quot;:{&quot;unit&quot;:&quot;px&quot;,&quot;size&quot;:&quot;&quot;,&quot;sizes&quot;:[]}}\" data-widget_type=\"posts.cards\">\n\t\t\t\t<div class=\"elementor-widget-container\">\n\t\t\t<link rel=\"stylesheet\" href=\"https:\/\/www.vedreine.com\/packaging\/wp-content\/plugins\/elementor-pro\/assets\/css\/widget-posts.min.css\">\t\t<div class=\"elementor-posts-container elementor-posts elementor-posts--skin-cards elementor-grid\">\n\t\t\t\t<article class=\"elementor-post elementor-grid-item post-3386 post type-post status-publish format-standard has-post-thumbnail hentry category-actualites\">\n\t\t\t<div class=\"elementor-post__card\">\n\t\t\t\t<a class=\"elementor-post__thumbnail__link\" href=\"https:\/\/www.vedreine.com\/packaging\/fr\/2023\/12\/01\/la-presse-en-parle-vedreine-accroit-ses-capacites\/\" tabindex=\"-1\" ><div class=\"elementor-post__thumbnail\"><img loading=\"lazy\" decoding=\"async\" width=\"300\" height=\"200\" src=\"https:\/\/www.vedreine.com\/packaging\/wp-content\/uploads\/2023\/12\/usinenouvelle-300x200.jpeg\" class=\"attachment-medium size-medium wp-image-3394\" alt=\"\" srcset=\"https:\/\/www.vedreine.com\/packaging\/wp-content\/uploads\/2023\/12\/usinenouvelle-300x200.jpeg 300w, https:\/\/www.vedreine.com\/packaging\/wp-content\/uploads\/2023\/12\/usinenouvelle-1024x683.jpeg 1024w, https:\/\/www.vedreine.com\/packaging\/wp-content\/uploads\/2023\/12\/usinenouvelle-768x512.jpeg 768w, https:\/\/www.vedreine.com\/packaging\/wp-content\/uploads\/2023\/12\/usinenouvelle-1536x1024.jpeg 1536w, https:\/\/www.vedreine.com\/packaging\/wp-content\/uploads\/2023\/12\/usinenouvelle.jpeg 1920w\" sizes=\"auto, (max-width: 300px) 100vw, 300px\" \/><\/div><\/a>\n\t\t\t\t<div class=\"elementor-post__badge\">Actualit\u00e9s<\/div>\n\t\t\t\t<div class=\"elementor-post__text\">\n\t\t\t\t<h3 class=\"elementor-post__title\">\n\t\t\t<a href=\"https:\/\/www.vedreine.com\/packaging\/fr\/2023\/12\/01\/la-presse-en-parle-vedreine-accroit-ses-capacites\/\" >\n\t\t\t\tLa presse en parle : &#8220;Vedreine accroit ses capacit\u00e9s&#8221;\t\t\t<\/a>\n\t\t<\/h3>\n\t\t\t\t<div class=\"elementor-post__excerpt\">\n\t\t\t<p>D\u00e9couvrez l&#8217;article du magazine L&#8217;Usine Nouvelle consacr\u00e9 aux investissements et d\u00e9veloppements engag\u00e9s par Vedreine : En 2022, \u00e0 la suite de l\u2019acquisition du suisse Varipack,<\/p>\n\t\t<\/div>\n\t\t\n\t\t<a class=\"elementor-post__read-more\" href=\"https:\/\/www.vedreine.com\/packaging\/fr\/2023\/12\/01\/la-presse-en-parle-vedreine-accroit-ses-capacites\/\" aria-label=\"En savoir plus sur La presse en parle : &#8220;Vedreine accroit ses capacit\u00e9s&#8221;\" tabindex=\"-1\" >\n\t\t\tEn savoir plus &gt;&gt;\t\t<\/a>\n\n\t\t\t\t<\/div>\n\t\t\t\t<div class=\"elementor-post__meta-data\">\n\t\t\t\t\t<span class=\"elementor-post-date\">\n\t\t\t1 d\u00e9cembre 2023\t\t<\/span>\n\t\t\t\t<\/div>\n\t\t\t\t\t<\/div>\n\t\t<\/article>\n\t\t\t\t<article class=\"elementor-post elementor-grid-item post-2250 post type-post status-publish format-standard has-post-thumbnail hentry category-actualites\">\n\t\t\t<div class=\"elementor-post__card\">\n\t\t\t\t<a class=\"elementor-post__thumbnail__link\" href=\"https:\/\/www.vedreine.com\/packaging\/fr\/2023\/03\/20\/vedreine-devient-vedreine-packaging-2\/\" tabindex=\"-1\" ><div class=\"elementor-post__thumbnail\"><img loading=\"lazy\" decoding=\"async\" width=\"300\" height=\"200\" src=\"https:\/\/www.vedreine.com\/packaging\/wp-content\/uploads\/2023\/01\/vedreine-reportage-2022_353-1-300x200.jpg\" class=\"attachment-medium size-medium wp-image-38\" alt=\"\" srcset=\"https:\/\/www.vedreine.com\/packaging\/wp-content\/uploads\/2023\/01\/vedreine-reportage-2022_353-1-300x200.jpg 300w, https:\/\/www.vedreine.com\/packaging\/wp-content\/uploads\/2023\/01\/vedreine-reportage-2022_353-1-1024x683.jpg 1024w, https:\/\/www.vedreine.com\/packaging\/wp-content\/uploads\/2023\/01\/vedreine-reportage-2022_353-1-768x512.jpg 768w, https:\/\/www.vedreine.com\/packaging\/wp-content\/uploads\/2023\/01\/vedreine-reportage-2022_353-1-1536x1024.jpg 1536w, https:\/\/www.vedreine.com\/packaging\/wp-content\/uploads\/2023\/01\/vedreine-reportage-2022_353-1.jpg 1920w\" sizes=\"auto, (max-width: 300px) 100vw, 300px\" \/><\/div><\/a>\n\t\t\t\t<div class=\"elementor-post__badge\">Actualit\u00e9s<\/div>\n\t\t\t\t<div class=\"elementor-post__text\">\n\t\t\t\t<h3 class=\"elementor-post__title\">\n\t\t\t<a href=\"https:\/\/www.vedreine.com\/packaging\/fr\/2023\/03\/20\/vedreine-devient-vedreine-packaging-2\/\" >\n\t\t\t\tVedreine devient le groupe Vedreine Packaging\t\t\t<\/a>\n\t\t<\/h3>\n\t\t\t\t<div class=\"elementor-post__excerpt\">\n\t\t\t<p>2022 repr\u00e9sente un v\u00e9ritable tournant pour notre entreprise avec l\u2019acquisition de Vedreine Packaging Suisse (ex Varipack AG) entreprise sp\u00e9cialiste de l\u2019impression sur emballage flexible avec<\/p>\n\t\t<\/div>\n\t\t\n\t\t<a class=\"elementor-post__read-more\" href=\"https:\/\/www.vedreine.com\/packaging\/fr\/2023\/03\/20\/vedreine-devient-vedreine-packaging-2\/\" aria-label=\"En savoir plus sur Vedreine devient le groupe Vedreine Packaging\" tabindex=\"-1\" >\n\t\t\tEn savoir plus &gt;&gt;\t\t<\/a>\n\n\t\t\t\t<\/div>\n\t\t\t\t<div class=\"elementor-post__meta-data\">\n\t\t\t\t\t<span class=\"elementor-post-date\">\n\t\t\t20 mars 2023\t\t<\/span>\n\t\t\t\t<\/div>\n\t\t\t\t\t<\/div>\n\t\t<\/article>\n\t\t\t\t<\/div>\n\t\t\n\t\t\t\t<\/div>\n\t\t\t\t<\/div>\n\t\t\t\t\t<\/div>\n\t\t<\/div>\n\t\t\t\t\t\t\t<\/div>\n\t\t<\/section>\n\t\t\t\t\t\t\t<\/div>\n\t\t","protected":false},"excerpt":{"rendered":"","protected":false},"author":1,"featured_media":0,"parent":0,"menu_order":0,"comment_status":"closed","ping_status":"closed","template":"","meta":{"footnotes":""},"class_list":["post-2093","page","type-page","status-publish","hentry"],"yoast_head":"<!-- This site is optimized with the Yoast SEO plugin v20.5 - https:\/\/yoast.com\/wordpress\/plugins\/seo\/ -->\n<title>Actualit\u00e9s - Vedreine Packaging<\/title>\n<meta name=\"robots\" content=\"index, follow, max-snippet:-1, max-image-preview:large, max-video-preview:-1\" \/>\n<link rel=\"canonical\" href=\"https:\/\/www.vedreine.com\/packaging\/fr\/actualites\/\" \/>\n<meta property=\"og:locale\" content=\"fr_FR\" \/>\n<meta property=\"og:type\" content=\"article\" \/>\n<meta property=\"og:title\" content=\"Actualit\u00e9s - Vedreine Packaging\" \/>\n<meta property=\"og:url\" content=\"https:\/\/www.vedreine.com\/packaging\/fr\/actualites\/\" \/>\n<meta property=\"og:site_name\" content=\"Vedreine Packaging\" \/>\n<meta property=\"article:modified_time\" content=\"2023-04-14T13:34:29+00:00\" \/>\n<meta name=\"twitter:card\" content=\"summary_large_image\" \/>\n<script type=\"application\/ld+json\" class=\"yoast-schema-graph\">{\"@context\":\"https:\/\/schema.org\",\"@graph\":[{\"@type\":\"WebPage\",\"@id\":\"https:\/\/www.vedreine.com\/packaging\/fr\/actualites\/\",\"url\":\"https:\/\/www.vedreine.com\/packaging\/fr\/actualites\/\",\"name\":\"Actualit\u00e9s - Vedreine Packaging\",\"isPartOf\":{\"@id\":\"https:\/\/www.vedreine.com\/packaging\/#website\"},\"datePublished\":\"2023-03-18T19:33:51+00:00\",\"dateModified\":\"2023-04-14T13:34:29+00:00\",\"breadcrumb\":{\"@id\":\"https:\/\/www.vedreine.com\/packaging\/fr\/actualites\/#breadcrumb\"},\"inLanguage\":\"fr-FR\",\"potentialAction\":[{\"@type\":\"ReadAction\",\"target\":[\"https:\/\/www.vedreine.com\/packaging\/fr\/actualites\/\"]}]},{\"@type\":\"BreadcrumbList\",\"@id\":\"https:\/\/www.vedreine.com\/packaging\/fr\/actualites\/#breadcrumb\",\"itemListElement\":[{\"@type\":\"ListItem\",\"position\":1,\"name\":\"Accueil\",\"item\":\"https:\/\/www.vedreine.com\/packaging\/fr\/accueil-francais\/\"},{\"@type\":\"ListItem\",\"position\":2,\"name\":\"Actualit\u00e9s\"}]},{\"@type\":\"WebSite\",\"@id\":\"https:\/\/www.vedreine.com\/packaging\/#website\",\"url\":\"https:\/\/www.vedreine.com\/packaging\/\",\"name\":\"Vedreine Packaging\",\"description\":\"\",\"publisher\":{\"@id\":\"https:\/\/www.vedreine.com\/packaging\/#organization\"},\"potentialAction\":[{\"@type\":\"SearchAction\",\"target\":{\"@type\":\"EntryPoint\",\"urlTemplate\":\"https:\/\/www.vedreine.com\/packaging\/?s={search_term_string}\"},\"query-input\":\"required name=search_term_string\"}],\"inLanguage\":\"fr-FR\"},{\"@type\":\"Organization\",\"@id\":\"https:\/\/www.vedreine.com\/packaging\/#organization\",\"name\":\"Vedreine Packaging\",\"url\":\"https:\/\/www.vedreine.com\/packaging\/\",\"logo\":{\"@type\":\"ImageObject\",\"inLanguage\":\"fr-FR\",\"@id\":\"https:\/\/www.vedreine.com\/packaging\/#\/schema\/logo\/image\/\",\"url\":\"https:\/\/www.vedreine.com\/packaging\/wp-content\/uploads\/2023\/01\/vedp_lo_H_RVB-1.png\",\"contentUrl\":\"https:\/\/www.vedreine.com\/packaging\/wp-content\/uploads\/2023\/01\/vedp_lo_H_RVB-1.png\",\"width\":3618,\"height\":1391,\"caption\":\"Vedreine Packaging\"},\"image\":{\"@id\":\"https:\/\/www.vedreine.com\/packaging\/#\/schema\/logo\/image\/\"}}]}<\/script>\n<!-- \/ Yoast SEO plugin. -->","yoast_head_json":{"title":"Actualit\u00e9s - Vedreine Packaging","robots":{"index":"index","follow":"follow","max-snippet":"max-snippet:-1","max-image-preview":"max-image-preview:large","max-video-preview":"max-video-preview:-1"},"canonical":"https:\/\/www.vedreine.com\/packaging\/fr\/actualites\/","og_locale":"fr_FR","og_type":"article","og_title":"Actualit\u00e9s - Vedreine Packaging","og_url":"https:\/\/www.vedreine.com\/packaging\/fr\/actualites\/","og_site_name":"Vedreine Packaging","article_modified_time":"2023-04-14T13:34:29+00:00","twitter_card":"summary_large_image","schema":{"@context":"https:\/\/schema.org","@graph":[{"@type":"WebPage","@id":"https:\/\/www.vedreine.com\/packaging\/fr\/actualites\/","url":"https:\/\/www.vedreine.com\/packaging\/fr\/actualites\/","name":"Actualit\u00e9s - Vedreine Packaging","isPartOf":{"@id":"https:\/\/www.vedreine.com\/packaging\/#website"},"datePublished":"2023-03-18T19:33:51+00:00","dateModified":"2023-04-14T13:34:29+00:00","breadcrumb":{"@id":"https:\/\/www.vedreine.com\/packaging\/fr\/actualites\/#breadcrumb"},"inLanguage":"fr-FR","potentialAction":[{"@type":"ReadAction","target":["https:\/\/www.vedreine.com\/packaging\/fr\/actualites\/"]}]},{"@type":"BreadcrumbList","@id":"https:\/\/www.vedreine.com\/packaging\/fr\/actualites\/#breadcrumb","itemListElement":[{"@type":"ListItem","position":1,"name":"Accueil","item":"https:\/\/www.vedreine.com\/packaging\/fr\/accueil-francais\/"},{"@type":"ListItem","position":2,"name":"Actualit\u00e9s"}]},{"@type":"WebSite","@id":"https:\/\/www.vedreine.com\/packaging\/#website","url":"https:\/\/www.vedreine.com\/packaging\/","name":"Vedreine Packaging","description":"","publisher":{"@id":"https:\/\/www.vedreine.com\/packaging\/#organization"},"potentialAction":[{"@type":"SearchAction","target":{"@type":"EntryPoint","urlTemplate":"https:\/\/www.vedreine.com\/packaging\/?s={search_term_string}"},"query-input":"required name=search_term_string"}],"inLanguage":"fr-FR"},{"@type":"Organization","@id":"https:\/\/www.vedreine.com\/packaging\/#organization","name":"Vedreine Packaging","url":"https:\/\/www.vedreine.com\/packaging\/","logo":{"@type":"ImageObject","inLanguage":"fr-FR","@id":"https:\/\/www.vedreine.com\/packaging\/#\/schema\/logo\/image\/","url":"https:\/\/www.vedreine.com\/packaging\/wp-content\/uploads\/2023\/01\/vedp_lo_H_RVB-1.png","contentUrl":"https:\/\/www.vedreine.com\/packaging\/wp-content\/uploads\/2023\/01\/vedp_lo_H_RVB-1.png","width":3618,"height":1391,"caption":"Vedreine Packaging"},"image":{"@id":"https:\/\/www.vedreine.com\/packaging\/#\/schema\/logo\/image\/"}}]}},"_links":{"self":[{"href":"https:\/\/www.vedreine.com\/packaging\/wp-json\/wp\/v2\/pages\/2093","targetHints":{"allow":["GET"]}}],"collection":[{"href":"https:\/\/www.vedreine.com\/packaging\/wp-json\/wp\/v2\/pages"}],"about":[{"href":"https:\/\/www.vedreine.com\/packaging\/wp-json\/wp\/v2\/types\/page"}],"author":[{"embeddable":true,"href":"https:\/\/www.vedreine.com\/packaging\/wp-json\/wp\/v2\/users\/1"}],"replies":[{"embeddable":true,"href":"https:\/\/www.vedreine.com\/packaging\/wp-json\/wp\/v2\/comments?post=2093"}],"version-history":[{"count":3,"href":"https:\/\/www.vedreine.com\/packaging\/wp-json\/wp\/v2\/pages\/2093\/revisions"}],"predecessor-version":[{"id":2988,"href":"https:\/\/www.vedreine.com\/packaging\/wp-json\/wp\/v2\/pages\/2093\/revisions\/2988"}],"wp:attachment":[{"href":"https:\/\/www.vedreine.com\/packaging\/wp-json\/wp\/v2\/media?parent=2093"}],"curies":[{"name":"wp","href":"https:\/\/api.w.org\/{rel}","templated":true}]}}